{"id":5,"date":"2019-10-25T09:50:20","date_gmt":"2019-10-25T07:50:20","guid":{"rendered":"http:\/\/192.168.201.236\/index.php\/mesmerize\/"},"modified":"2020-04-22T12:59:33","modified_gmt":"2020-04-22T10:59:33","slug":"mesmerize","status":"publish","type":"page","link":"https:\/\/www.kleinsatelliteninitiative.de\/","title":{"rendered":"Kleinsatelliteninitiative deutscher Hochschulen"},"content":{"rendered":"\n<div class=\"wp-block-cover alignfull has-background-dim-10 has-background-dim\" style=\"background-image:url(https:\/\/www.kleinsatelliteninitiative.de\/wp-content\/uploads\/2019\/10\/Header1.jpg);background-position:49% 0%\"><div class=\"wp-block-cover__inner-container is-layout-flow wp-block-cover-is-layout-flow\">\n<h3 class=\"wp-block-heading\">\u00dcber uns<\/h3>\n\n\n\n<p><\/p>\n<\/div><\/div>\n\n\n<div id=\"features-2\" class=\"features-ov-4-mc content-section content-section-spacing\" style=\"background-color: #ffffff;\" data-label=\"Features\" data-id=\"features-ov-4-mc\" data-export-id=\"features-ov-4-mc\" data-category=\"features\">\n<div class=\"gridContainer\">\n<div class=\"row spaced-cols text-center\" data-type=\"row\">\n<div class=\"col-xs-12 col-sm-4 col-padding\">\n<div data-type=\"column\">\n<h4 class=\"font-400\" style=\"text-align: left;\">Wer wir sind<\/h4>\n<p style=\"text-align: left;\">Ein Zusammenschluss deutscher Hochschulen mit dem Fokus auf Forschung und Lehre durch Bau und Entwicklung von Kleinsatelliten\/-technologie.<\/p>\n<\/div>\n<\/div>\n<div class=\"col-xs-12 col-sm-4 col-padding\" style=\"text-align: left;\">\n<div data-type=\"column\">\n<h4 class=\"font-400\">Was wir bezwecken<\/h4>\n<p>Den Austausch zwischen den Hochschulen und deren Aktivit\u00e4ten im Bereich Kleinsatelliten.<\/p>\n<\/div>\n<\/div>\n<div class=\"col-xs-12 col-sm-4 col-padding\" style=\"text-align: left;\">\n<div data-type=\"column\">\n<h4 class=\"font-400\">Was wir machen<\/h4>\n<p>Ausbildung von \u00fcber 600 Raumfahrtabsolventinnen und -absolventen (B.Sc. &amp; M.Sc.) pro Jahr anhand von Entwicklungen rund um Kleinsatelliten.<\/p>\n<h4>Die F\u00f6rderung von Satellitenmissionen an Universit\u00e4ten und Fachhochschulen f\u00fchrt zu einer deutlichen St\u00e4rkung des Raumfahrtstandorts Deutschlands. Sie erm\u00f6glicht hervorragend ausgebildete Ingenieurinnen und Ingenieure mit wertvoller Projekterfahrung<\/h4>\n<ul>\n<li>\n<p>Verbesserung der Lehre und Steigerung der Motivation der Studierenden durch die Einbindung in Satellitenprojekte<\/p>\n<\/li>\n<li>\n<p>Satellitenprojekte umfassen eine gro\u00dfe Bandbreite von Themen \u00fcber Komponenten-, Subsystem- und Instrumentenentwicklung bis hin zu System-, Qualifikations und Betriebsaspekten<\/p>\n<\/li>\n<li>\n<p>Die Ausbildung an realen Projekten erm\u00f6glicht eine nachhaltige Ausbildung, die immer auf dem neusten Stand der Technik ist<\/p>\n<\/li>\n<li>\n<p>Die Beteiligung an realen Raumfahrtprojekten w\u00e4hrend des Studiums ist eine extrem wertvolle Erfahrung f\u00fcr die Studierenden und von gro\u00dfem Nutzen f\u00fcr die Raumfahrtindustrie und Forschungsinstitutionen<\/p>\n<\/li>\n<\/ul>\n<h4>Universit\u00e4re Missionen st\u00e4rken zus\u00e4tzlich die Forschung und die Entwicklung neuer Raumfahrttechnologien<\/h4>\n<ul>\n<li>\n<p>Erforschung, Entwicklung und In-Orbit-Erprobung von neuen Technologien f\u00fcr die Raumfahrt<\/p>\n<ul>\n<li>\n<p>eigene und Verbundentwicklungen sowie in-Orbit-Erprobung neuster Technologien der nationalen Industrie und Forschungseinrichtungen<\/p>\n<\/li>\n<\/ul>\n<\/li>\n<\/ul>\n<p style=\"padding-left: 40px;\">\u2192Flugerprobte Technologien f\u00fcr Folgemissionen<\/p>\n<h4>Ausgr\u00fcndungen und Entwicklung von KMUs durch Kleinsatellitenprojekte an deutschen Hochschulen:<\/h4>\n<ul>\n<li>\n<p>Mitarbeit an universit\u00e4ren Kleinsatellitenmissionen ermutigt Studierende und Mitarbeiterinnen und Mitarbeiter zu Ausgr\u00fcndungen<\/p>\n<\/li>\n<li>\n<p>Neuste Forschungsergebnisse k\u00f6nnen so rasch in die Vermarktung \u00fcberf\u00fchrt werden<\/p>\n<\/li>\n<li>\n<p>St\u00e4rkung und Diversifizierung der industriellen Basis in Deutschland durch NewSpace Aktivit\u00e4ten der Spin-offs<\/p>\n<\/li>\n<\/ul>\n<\/div>\n<\/div>\n<\/div>\n<\/div>\n<\/div>\n\n\n<div class=\"wp-block-file\"><a href=\"https:\/\/www.kleinsatelliteninitiative.de\/wp-content\/uploads\/2020\/04\/Positionspapier-Kleinsatelliteninitiative.pdf\" target=\"_blank\" rel=\"noreferrer noopener\">Hier k\u00f6nnen Sie das Positionspapier der Kleinsatelliteninitiative downloaden:<\/a><a href=\"https:\/\/www.kleinsatelliteninitiative.de\/wp-content\/uploads\/2020\/04\/Positionspapier-Kleinsatelliteninitiative.pdf\" class=\"wp-block-file__button\" download>Herunterladen<\/a><\/div>\n\n\n\n<h3 class=\"has-text-align-left wp-block-heading\">Beteiligte Universit\u00e4ten<\/h3>\n\n\n\n<div class=\"wp-block-columns alignwide is-layout-flex wp-container-core-columns-is-layout-9d6595d7 wp-block-columns-is-layout-flex\">\n<div class=\"wp-block-column is-layout-flow wp-block-column-is-layout-flow\">\n<figure class=\"wp-block-image size-large is-resized\"><img loading=\"lazy\" decoding=\"async\" src=\"https:\/\/www.kleinsatelliteninitiative.de\/wp-content\/uploads\/2019\/10\/FHAAC_RGB_rgb1400px.png\" alt=\"\" class=\"wp-image-44\" width=\"104\" height=\"336\"\/><\/figure>\n\n\n\n<div class=\"wp-block-file\"><a href=\"https:\/\/www.kleinsatelliteninitiative.de\/wp-content\/uploads\/2020\/04\/FH_Aachen.pdf\" target=\"_blank\" rel=\"noreferrer noopener\">Aktivit\u00e4ten der FH Aachen<\/a><a href=\"https:\/\/www.kleinsatelliteninitiative.de\/wp-content\/uploads\/2020\/04\/FH_Aachen.pdf\" class=\"wp-block-file__button\" download>Herunterladen<\/a><\/div>\n<\/div>\n\n\n\n<div class=\"wp-block-column is-layout-flow wp-block-column-is-layout-flow\">\n<h4 class=\"wp-block-heading\">Fachhochschule Aachen, University of Applied Sciences<\/h4>\n\n\n\n<p>Entwicklung und Tests von Weltraumtechnologie. Bsp.: COMPASS 1&amp;2 1U &amp; 3U-CubeSats Start 2008 \/ 2017 <\/p>\n<\/div>\n\n\n\n<div class=\"wp-block-column is-layout-flow wp-block-column-is-layout-flow\">\n<h4 class=\"wp-block-heading\">Kontakt<\/h4>\n\n\n\n<figure class=\"wp-block-table is-style-stripes\"><table><tbody><tr><td>Prof. Dr.-Ing. Markus Czupalla<br>Prof. Dr.-Ing. Bernd Dachwald   <\/td><\/tr><tr><td><a href=\"http:\/\/www.fh-aachen.de\/fachbereiche\/luft-und-raumfahrttechnik\/\">www.fh-aachen.de\/fachbereiche\/luft-und-raumfahrttechnik\/<\/a>   <\/td><\/tr><tr><td>Tel. 0241 6009-52362 \/ -52343   <\/td><\/tr><tr><td>E-Mail: <br><a href=\"mailto:czupalla@fh-aachen.de\">czupalla@fh-aachen.de<\/a> <br><a href=\"mailto:dachwald@fh-achen.de\">dachwald@fh-achen.de<\/a>   <\/td><\/tr><\/tbody><\/table><\/figure>\n<\/div>\n<\/div>\n\n\n\n<div class=\"wp-block-columns alignwide is-layout-flex wp-container-core-columns-is-layout-9d6595d7 wp-block-columns-is-layout-flex\">\n<div class=\"wp-block-column is-layout-flow wp-block-column-is-layout-flow\">\n<figure class=\"wp-block-image size-large is-resized\"><img loading=\"lazy\" decoding=\"async\" src=\"https:\/\/www.kleinsatelliteninitiative.de\/wp-content\/uploads\/2019\/10\/Logo_der_Technischen_Universit\u00e4t_Berlin.svg_.png\" alt=\"\" class=\"wp-image-49\" width=\"281\" height=\"157\"\/><\/figure>\n\n\n\n<div class=\"wp-block-file\"><a href=\"https:\/\/www.kleinsatelliteninitiative.de\/wp-content\/uploads\/2020\/04\/TU_Berlin.pdf\" target=\"_blank\" rel=\"noreferrer noopener\">Aktivit\u00e4ten der TU Berlin<\/a><a href=\"https:\/\/www.kleinsatelliteninitiative.de\/wp-content\/uploads\/2020\/04\/TU_Berlin.pdf\" class=\"wp-block-file__button\" download>Herunterladen<\/a><\/div>\n<\/div>\n\n\n\n<div class=\"wp-block-column is-layout-flow wp-block-column-is-layout-flow\">\n<h4 class=\"wp-block-heading\">Technische Universit\u00e4t Berlin<\/h4>\n\n\n\n<p>Satellitensystementwicklung und Satellitenbetrieb. Bsp.: TechnoSat, 20kg\u2212Kleinsatellit, Start: 14.07.2017<\/p>\n<\/div>\n\n\n\n<div class=\"wp-block-column is-layout-flow wp-block-column-is-layout-flow\">\n<h4 class=\"wp-block-heading\">Kontakt<\/h4>\n\n\n\n<figure class=\"wp-block-table is-style-stripes\"><table><tbody><tr><td> Prof. Dr.-Ing. Klaus Brie\u00df <\/td><\/tr><tr><td> <a href=\"http:\/\/www.space.tu-berlin.de\">www.space.tu-berlin.de<\/a> <\/td><\/tr><tr><td> Tel. +49 30 314-21339 <\/td><\/tr><tr><td>E-Mail: <br><a href=\"mailto:klaus.briess@tu-berlin.de\">klaus.briess@tu-berlin.de<\/a><\/td><\/tr><\/tbody><\/table><\/figure>\n<\/div>\n<\/div>\n\n\n\n<div class=\"wp-block-columns alignwide is-layout-flex wp-container-core-columns-is-layout-9d6595d7 wp-block-columns-is-layout-flex\">\n<div class=\"wp-block-column is-layout-flow wp-block-column-is-layout-flow\">\n<figure class=\"wp-block-image size-large\"><img loading=\"lazy\" decoding=\"async\" width=\"1000\" height=\"371\" src=\"https:\/\/www.kleinsatelliteninitiative.de\/wp-content\/uploads\/2019\/10\/1000px-Siegel_TU_Braunschweig_transparent.svg_.png\" alt=\"\" class=\"wp-image-41\"\/><\/figure>\n\n\n\n<div class=\"wp-block-file\"><a href=\"https:\/\/www.kleinsatelliteninitiative.de\/wp-content\/uploads\/2020\/04\/TU_Braunschweig.pdf\" target=\"_blank\" rel=\"noreferrer noopener\">Aktivit\u00e4ten der TU Braunschweig<\/a><a href=\"https:\/\/www.kleinsatelliteninitiative.de\/wp-content\/uploads\/2020\/04\/TU_Braunschweig.pdf\" class=\"wp-block-file__button\" download>Herunterladen<\/a><\/div>\n<\/div>\n\n\n\n<div class=\"wp-block-column is-layout-flow wp-block-column-is-layout-flow\">\n<h4 class=\"wp-block-heading\">Technische Universit\u00e4t Braunschweig<\/h4>\n\n\n\n<p>Methoden und Technologien zur nachhaltigen Nutzung und Sicherheit des Weltraums<\/p>\n<\/div>\n\n\n\n<div class=\"wp-block-column is-layout-flow wp-block-column-is-layout-flow\">\n<h4 class=\"wp-block-heading\">Kontakt<\/h4>\n\n\n\n<figure class=\"wp-block-table is-style-stripes\"><table><tbody><tr><td>Prof. Dr.-Ing. Enrico Stoll <\/td><\/tr><tr><td><a href=\"http:\/\/space-systems.eu\/\">http:\/\/space-systems.eu\/<\/a> <\/td><\/tr><tr><td>Tel.  0531\/391-9960 <\/td><\/tr><tr><td>E-Mail:<br><a href=\"mailto:e.stoll@tu-braunschweig.de\">e.stoll(at)tu-braunschweig.de<\/a> <\/td><\/tr><\/tbody><\/table><\/figure>\n\n\n\n<p><\/p>\n<\/div>\n<\/div>\n\n\n\n<div class=\"wp-block-columns alignwide is-layout-flex wp-container-core-columns-is-layout-9d6595d7 wp-block-columns-is-layout-flex\">\n<div class=\"wp-block-column is-layout-flow wp-block-column-is-layout-flow\">\n<figure class=\"wp-block-image size-large\"><img loading=\"lazy\" decoding=\"async\" width=\"394\" height=\"160\" src=\"https:\/\/www.kleinsatelliteninitiative.de\/wp-content\/uploads\/2019\/10\/TUDresden.jpg\" alt=\"\" class=\"wp-image-54\"\/><\/figure>\n\n\n\n<div class=\"wp-block-file\"><a href=\"https:\/\/www.kleinsatelliteninitiative.de\/wp-content\/uploads\/2020\/04\/TU_Dresden.pdf\" target=\"_blank\" rel=\"noreferrer noopener\">Aktivit\u00e4ten der TU Dresden<\/a><a href=\"https:\/\/www.kleinsatelliteninitiative.de\/wp-content\/uploads\/2020\/04\/TU_Dresden.pdf\" class=\"wp-block-file__button\" download>Herunterladen<\/a><\/div>\n<\/div>\n\n\n\n<div class=\"wp-block-column is-layout-flow wp-block-column-is-layout-flow\">\n<h4 class=\"wp-block-heading\">Technische Universit\u00e4t Dresden<\/h4>\n\n\n\n<p>Hochintegrierte Nanosatelliten &amp; Weltraumexperimente. Bsp.: SOMP-1, -2, CiREX, FiPEXnano, MetaSpace<\/p>\n<\/div>\n\n\n\n<div class=\"wp-block-column is-layout-flow wp-block-column-is-layout-flow\">\n<h4 class=\"wp-block-heading\">Kontakt<\/h4>\n\n\n\n<figure class=\"wp-block-table is-style-stripes\"><table><tbody><tr><td>Prof. Dr. Martin Tajmar<br>Dr. Tino Schmiel <\/td><\/tr><tr><td><a href=\"http:\/\/www.tu-dresden.de\/ilr\">www.tu-dresden.de\/ilr<\/a> <\/td><\/tr><tr><td>Tel. +49 351 463-38125<\/td><\/tr><tr><td>E-Mail:<br><a href=\"mailto:raumfahrtsysteme@tu-dresden.de\">raumfahrtsysteme@tu-dresden.de<\/a><\/td><\/tr><\/tbody><\/table><\/figure>\n<\/div>\n<\/div>\n\n\n\n<div class=\"wp-block-columns alignwide is-layout-flex wp-container-core-columns-is-layout-9d6595d7 wp-block-columns-is-layout-flex\">\n<div class=\"wp-block-column is-layout-flow wp-block-column-is-layout-flow\">\n<figure class=\"wp-block-image size-large\"><img loading=\"lazy\" decoding=\"async\" width=\"1000\" height=\"217\" src=\"https:\/\/www.kleinsatelliteninitiative.de\/wp-content\/uploads\/2019\/10\/1000px-Logo_2010_SRH_HS_Heidelberg.svg_.png\" alt=\"\" class=\"wp-image-40\"\/><\/figure>\n\n\n\n<div class=\"wp-block-file\"><a href=\"https:\/\/www.kleinsatelliteninitiative.de\/wp-content\/uploads\/2020\/04\/SRH_Heidelberg.pdf\" target=\"_blank\" rel=\"noreferrer noopener\">Aktivit\u00e4ten der SRH Heidelberg<\/a><a href=\"https:\/\/www.kleinsatelliteninitiative.de\/wp-content\/uploads\/2020\/04\/SRH_Heidelberg.pdf\" class=\"wp-block-file__button\" download>Herunterladen<\/a><\/div>\n<\/div>\n\n\n\n<div class=\"wp-block-column is-layout-flow wp-block-column-is-layout-flow\">\n<h4 class=\"wp-block-heading\">SRH Hochschule Heidelberg<\/h4>\n\n\n\n<p>Do cosmic rays really trigger cloud formation through ionization of particles in the troposphere?<\/p>\n<\/div>\n\n\n\n<div class=\"wp-block-column is-layout-flow wp-block-column-is-layout-flow\">\n<h4 class=\"wp-block-heading\">Kontakt<\/h4>\n\n\n\n<figure class=\"wp-block-table is-style-stripes\"><table><tbody><tr><td>Prof. Dr. Achim Gottscheber <\/td><\/tr><tr><td><a href=\"http:\/\/www.hochschule-heidelberg.de\/\">www.hochschule-heidelberg.de<\/a> <\/td><\/tr><tr><td>Tel. +49 6221 6799 315<\/td><\/tr><tr><td>E-Mail:<br><a href=\"mailto:achim.gottscheber@hochschule-heidelberg.de\">achim.gottscheber@hochschule-heidelberg.de<\/a><\/td><\/tr><\/tbody><\/table><\/figure>\n<\/div>\n<\/div>\n\n\n\n<div class=\"wp-block-columns alignwide is-layout-flex wp-container-core-columns-is-layout-9d6595d7 wp-block-columns-is-layout-flex\">\n<div class=\"wp-block-column is-layout-flow wp-block-column-is-layout-flow\">\n<figure class=\"wp-block-image size-large\"><img loading=\"lazy\" decoding=\"async\" width=\"1000\" height=\"324\" src=\"https:\/\/www.kleinsatelliteninitiative.de\/wp-content\/uploads\/2019\/10\/1000px-TU_Muenchen_Logo.svg_.png\" alt=\"\" class=\"wp-image-42\"\/><\/figure>\n\n\n\n<div class=\"wp-block-file\"><a href=\"https:\/\/www.kleinsatelliteninitiative.de\/wp-content\/uploads\/2020\/04\/TU_M\u00fcnchen.pdf\" target=\"_blank\" rel=\"noreferrer noopener\">Aktivit\u00e4ten der TU M\u00fcnchen<\/a><a href=\"https:\/\/www.kleinsatelliteninitiative.de\/wp-content\/uploads\/2020\/04\/TU_M\u00fcnchen.pdf\" class=\"wp-block-file__button\" download>Herunterladen<\/a><\/div>\n<\/div>\n\n\n\n<div class=\"wp-block-column is-layout-flow wp-block-column-is-layout-flow\">\n<h4 class=\"wp-block-heading\">Technische Universit\u00e4t M\u00fcnchen<\/h4>\n\n\n\n<p>Satellitenentwicklung &amp; Verifikation. Bsp.: MOVE-II &amp; MOVE-IIb, Start am 03.12.2018 &amp; 05.07.2019<\/p>\n<\/div>\n\n\n\n<div class=\"wp-block-column is-layout-flow wp-block-column-is-layout-flow\">\n<h4 class=\"wp-block-heading\">Kontakt<\/h4>\n\n\n\n<figure class=\"wp-block-table is-style-stripes\"><table><tbody><tr><td>Prof. Dr. Ulrich Walter<\/td><\/tr><tr><td><a href=\"http:\/\/www.lrt.mw.tum.de\">www.lrt.mw.tum.de<\/a> <\/td><\/tr><tr><td>Tel. +49 (89) 289-16003<\/td><\/tr><tr><td>E-Mail:<br><a href=\"mailto:walter@tum.de\">walter@tum.de<\/a><\/td><\/tr><\/tbody><\/table><\/figure>\n<\/div>\n<\/div>\n\n\n\n<div class=\"wp-block-columns alignwide is-layout-flex wp-container-core-columns-is-layout-9d6595d7 wp-block-columns-is-layout-flex\">\n<div class=\"wp-block-column is-layout-flow wp-block-column-is-layout-flow\">\n<figure class=\"wp-block-image size-large\"><img loading=\"lazy\" decoding=\"async\" width=\"651\" height=\"164\" src=\"https:\/\/www.kleinsatelliteninitiative.de\/wp-content\/uploads\/2019\/10\/UniS.jpg\" alt=\"\" class=\"wp-image-56\"\/><\/figure>\n\n\n\n<div class=\"wp-block-file\"><a href=\"https:\/\/www.kleinsatelliteninitiative.de\/wp-content\/uploads\/2020\/04\/Uni_Stuttgart.pdf\" target=\"_blank\" rel=\"noreferrer noopener\">Aktivit\u00e4ten der Uni Stuttgart<\/a><a href=\"https:\/\/www.kleinsatelliteninitiative.de\/wp-content\/uploads\/2020\/04\/Uni_Stuttgart.pdf\" class=\"wp-block-file__button\" download>Herunterladen<\/a><\/div>\n<\/div>\n\n\n\n<div class=\"wp-block-column is-layout-flow wp-block-column-is-layout-flow\">\n<h4 class=\"wp-block-heading\">Universit\u00e4t Stuttgart<\/h4>\n\n\n\n<p>Satellitensystementwicklung und Satellitenbetrieb. Bsp.: Flying Laptop, Kleinsatellit f\u00fcr EO und IOV mit 110kg<\/p>\n<\/div>\n\n\n\n<div class=\"wp-block-column is-layout-flow wp-block-column-is-layout-flow\">\n<h4 class=\"wp-block-heading\">Kontakt<\/h4>\n\n\n\n<figure class=\"wp-block-table is-style-stripes\"><table><tbody><tr><td>Prof. Dr.-Ing. Sabine Klinkner<\/td><\/tr><tr><td><a href=\"http:\/\/www.kleinsatelliten.de\">www.kleinsatelliten.de<\/a> <\/td><\/tr><tr><td>Tel. +49 (0)711-685-62677 <\/td><\/tr><tr><td>E-Mail: <br><a href=\"mailto:klinkner@irs.uni-stuttgart.de\">klinkner@irs.uni-stuttgart.de<\/a><\/td><\/tr><\/tbody><\/table><\/figure>\n<\/div>\n<\/div>\n\n\n\n<div class=\"wp-block-columns alignwide is-layout-flex wp-container-core-columns-is-layout-9d6595d7 wp-block-columns-is-layout-flex\">\n<div class=\"wp-block-column is-layout-flow wp-block-column-is-layout-flow\">\n<figure class=\"wp-block-image size-large\"><img loading=\"lazy\" decoding=\"async\" width=\"1000\" height=\"438\" src=\"https:\/\/www.kleinsatelliteninitiative.de\/wp-content\/uploads\/2019\/10\/1000px-Universit\u00e4t_W\u00fcrzburg_Logo.svg_.png\" alt=\"\" class=\"wp-image-43\"\/><\/figure>\n\n\n\n<div class=\"wp-block-file\"><a href=\"https:\/\/www.kleinsatelliteninitiative.de\/wp-content\/uploads\/2020\/04\/Uni_Wuerzburg_Raumfahrttechnik_k.pdf\" target=\"_blank\" rel=\"noreferrer noopener\">Aktivit\u00e4ten Uni W\u00fcrzburg Raumfahrttechnik<\/a><a href=\"https:\/\/www.kleinsatelliteninitiative.de\/wp-content\/uploads\/2020\/04\/Uni_Wuerzburg_Raumfahrttechnik_k.pdf\" class=\"wp-block-file__button\" download>Herunterladen<\/a><\/div>\n<\/div>\n\n\n\n<div class=\"wp-block-column is-layout-flow wp-block-column-is-layout-flow\">\n<h4 class=\"wp-block-heading\">Julius-Maximilians-Universit\u00e4t W\u00fcrzburg: Informationstechnik f\u00fcr Luft- und Raumfahrt<\/h4>\n\n\n\n<p>Satellitenmissionen f\u00fcr h\u00f6here Autonomie und Extraterrestrik. Bsp.: SONATE, Start 05.07.2019<\/p>\n<\/div>\n\n\n\n<div class=\"wp-block-column is-layout-flow wp-block-column-is-layout-flow\">\n<h4 class=\"wp-block-heading\">Kontakt<\/h4>\n\n\n\n<figure class=\"wp-block-table is-style-stripes\"><table><tbody><tr><td>Prof. Dr.-Ing. Hakan Kayal<\/td><\/tr><tr><td><a href=\"http:\/\/www8.informatik.uni-wuerzburg.de\">http:\/\/www8.informatik.uni-wuerzburg.de<\/a><\/td><\/tr><tr><td>Tel. +49-931-31-86649 \/ -83715<\/td><\/tr><tr><td>E-Mail:<br><a href=\"mailto:hakan.kayal@uni-wuerzburg.de\">hakan.kayal@uni-wuerzburg.de<\/a><\/td><\/tr><\/tbody><\/table><\/figure>\n<\/div>\n<\/div>\n\n\n\n<div class=\"wp-block-columns alignwide is-layout-flex wp-container-core-columns-is-layout-9d6595d7 wp-block-columns-is-layout-flex\">\n<div class=\"wp-block-column is-layout-flow wp-block-column-is-layout-flow\">\n<figure class=\"wp-block-image size-large\"><img loading=\"lazy\" decoding=\"async\" width=\"1000\" height=\"438\" src=\"https:\/\/www.kleinsatelliteninitiative.de\/wp-content\/uploads\/2019\/10\/1000px-Universit\u00e4t_W\u00fcrzburg_Logo.svg_.png\" alt=\"\" class=\"wp-image-43\"\/><\/figure>\n\n\n\n<div class=\"wp-block-file\"><a href=\"https:\/\/www.kleinsatelliteninitiative.de\/wp-content\/uploads\/2020\/04\/Uni_Wuerzburg_Lehrstuhl_InfotechLRT.pdf\" target=\"_blank\" rel=\"noreferrer noopener\">Aktivit\u00e4ten Uni Wuerzburg Lehrstuhl Infotech LRT<\/a><a href=\"https:\/\/www.kleinsatelliteninitiative.de\/wp-content\/uploads\/2020\/04\/Uni_Wuerzburg_Lehrstuhl_InfotechLRT.pdf\" class=\"wp-block-file__button\" download>Herunterladen<\/a><\/div>\n<\/div>\n\n\n\n<div class=\"wp-block-column is-layout-flow wp-block-column-is-layout-flow\">\n<h4 class=\"wp-block-heading\">Julius-Maximilians-Universit\u00e4t W\u00fcrzburg: Informationstechnik f\u00fcr Luft- und Raumfahrt<\/h4>\n\n\n\n<p>Avionik (S\/W und H\/W) f\u00fcr verschiedene Missionen. Bsp: S\/W f\u00fcr die Fire-Bird Konstellation <\/p>\n<\/div>\n\n\n\n<div class=\"wp-block-column is-layout-flow wp-block-column-is-layout-flow\">\n<h4 class=\"wp-block-heading\">Kontakt<\/h4>\n\n\n\n<figure class=\"wp-block-table is-style-stripes\"><table><tbody><tr><td>Prof. Dr. Sergio Montenegro <\/td><\/tr><tr><td><a href=\"http:\/\/www8.informatik.uni-wuerzburg.de\">http:\/\/www8.informatik.uni-wuerzburg.de<\/a> <\/td><\/tr><tr><td>Tel. +49-931-31-83715 <\/td><\/tr><tr><td><a href=\"mailto:montenegro@informatik.uni-wuerzburg.de\">montenegro@informatik.uni-wuerzburg.de<\/a> <\/td><\/tr><\/tbody><\/table><\/figure>\n<\/div>\n<\/div>\n\n\n\n<div class=\"wp-block-columns alignwide is-layout-flex wp-container-core-columns-is-layout-9d6595d7 wp-block-columns-is-layout-flex\">\n<div class=\"wp-block-column is-layout-flow wp-block-column-is-layout-flow\">\n<figure class=\"wp-block-image size-large\"><img loading=\"lazy\" decoding=\"async\" width=\"1000\" height=\"438\" src=\"https:\/\/www.kleinsatelliteninitiative.de\/wp-content\/uploads\/2019\/10\/1000px-Universit\u00e4t_W\u00fcrzburg_Logo.svg_.png\" alt=\"\" class=\"wp-image-43\"\/><\/figure>\n\n\n\n<div class=\"wp-block-file\"><a href=\"https:\/\/www.kleinsatelliteninitiative.de\/wp-content\/uploads\/2020\/04\/Uni_Wuerzburg_Robotik.pdf\" target=\"_blank\" rel=\"noreferrer noopener\">Aktivit\u00e4ten Uni W\u00fcrzburg Robotik<\/a><a href=\"https:\/\/www.kleinsatelliteninitiative.de\/wp-content\/uploads\/2020\/04\/Uni_Wuerzburg_Robotik.pdf\" class=\"wp-block-file__button\" download>Herunterladen<\/a><\/div>\n<\/div>\n\n\n\n<div class=\"wp-block-column is-layout-flow wp-block-column-is-layout-flow\">\n<h4 class=\"wp-block-heading\">Julius-Maximilians-Universit\u00e4t W\u00fcrzburg: Robotik und Telematik<\/h4>\n\n\n\n<p>Technologie f\u00fcr Kleinst-Satelliten-Formationen zur Erdbeobachtung und Telekommunikation. Bsp.: UWE je ca. 1 kg<\/p>\n<\/div>\n\n\n\n<div class=\"wp-block-column is-layout-flow wp-block-column-is-layout-flow\">\n<h4 class=\"wp-block-heading\">Kontakt<\/h4>\n\n\n\n<figure class=\"wp-block-table is-style-stripes\"><table><tbody><tr><td>Prof. Dr. Klaus Schilling <br>Prof. Dr. Andreas N\u00fcchter<\/td><\/tr><tr><td><a href=\"http:\/\/www7.informatik.uni-wuerzburg.de\">www7.informatik.uni-wuerzburg.de<\/a> <\/td><\/tr><tr><td>Tel. +49-931-31-86647 \/ -88790<\/td><\/tr><tr><td>E-Mail:<br><a href=\"mailto:schi@informatik.uni-wuerzburg.de\">schi@informatik.uni-wuerzburg.de<\/a><br><a href=\"mailto:nuechter@informatik.uni-wuerzburg.de\">nuechter@informatik.uni-wuerzburg.de<\/a><\/td><\/tr><\/tbody><\/table><\/figure>\n<\/div>\n<\/div>\n\n\n\n<div class=\"wp-block-file\"><a href=\"https:\/\/www.kleinsatelliteninitiative.de\/wp-content\/uploads\/2020\/04\/Kleinsatellitenentwicklungen-an-deutschen-Hochschulen.pdf\">Das komplette Informationsdokument \u00fcber die<br>Aktivit\u00e4ten der Kleinsatelliteninitiative:<\/a><a href=\"https:\/\/www.kleinsatelliteninitiative.de\/wp-content\/uploads\/2020\/04\/Kleinsatellitenentwicklungen-an-deutschen-Hochschulen.pdf\" class=\"wp-block-file__button\" download>Herunterladen<\/a><\/div>\n\n\n\n<hr class=\"wp-block-separator has-text-color has-background is-style-wide\" style=\"background-color:#1b4a98;color:#1b4a98\"\/>\n\n\n\n<p><strong>Kontakt:<\/strong><\/p>\n\n\n\n<p>Kleinsatelliteninitiative deutscher Hochschulen<br><a href=\"http:\/\/www.kleinsatelliteninitiative.de\">www.kleinsatelliteninitiative.de<\/a><br>E-Mail: <a href=\"mailto:info@kleinsatelliteninitiative.de\">info@kleinsatelliteninitiative.de<\/a><br>Sprecherin: Prof. Sabine Klinkner<\/p>\n\n\n\n<div class=\"wp-block-image\"><figure class=\"aligncenter size-large is-resized\"><img loading=\"lazy\" decoding=\"async\" src=\"https:\/\/www.kleinsatelliteninitiative.de\/wp-content\/uploads\/2019\/10\/KSIDH-Logo-Blau-4K.jpg\" alt=\"\" class=\"wp-image-16\" width=\"360\" height=\"256\"\/><\/figure><\/div>\n","protected":false},"excerpt":{"rendered":"<p>Wer wir sind Ein Zusammenschluss deutscher Hochschulen mit dem Fokus auf Forschung und Lehre durch Bau und Entwicklung von Kleinsatelliten\/-technologie. Was wir bezwecken Den Austausch zwischen den Hochschulen und deren Aktivit\u00e4ten im Bereich Kleinsatelliten. Was wir machen Ausbildung von \u00fcber 600 Raumfahrtabsolventinnen und -absolventen (B.Sc. &amp; M.Sc.) pro Jahr anhand von Entwicklungen rund um Kleinsatelliten. &hellip; <\/p>\n<p class=\"link-more\"><a href=\"https:\/\/www.kleinsatelliteninitiative.de\/\" class=\"more-link\"><span class=\"screen-reader-text\">\u201eKleinsatelliteninitiative deutscher Hochschulen\u201c <\/span>weiterlesen<\/a><\/p>\n","protected":false},"author":1,"featured_media":0,"parent":0,"menu_order":0,"comment_status":"closed","ping_status":"closed","template":"","meta":{"footnotes":""},"class_list":["post-5","page","type-page","status-publish","hentry","entry"],"_links":{"self":[{"href":"https:\/\/www.kleinsatelliteninitiative.de\/index.php\/wp-json\/wp\/v2\/pages\/5","targetHints":{"allow":["GET"]}}],"collection":[{"href":"https:\/\/www.kleinsatelliteninitiative.de\/index.php\/wp-json\/wp\/v2\/pages"}],"about":[{"href":"https:\/\/www.kleinsatelliteninitiative.de\/index.php\/wp-json\/wp\/v2\/types\/page"}],"author":[{"embeddable":true,"href":"https:\/\/www.kleinsatelliteninitiative.de\/index.php\/wp-json\/wp\/v2\/users\/1"}],"replies":[{"embeddable":true,"href":"https:\/\/www.kleinsatelliteninitiative.de\/index.php\/wp-json\/wp\/v2\/comments?post=5"}],"version-history":[{"count":42,"href":"https:\/\/www.kleinsatelliteninitiative.de\/index.php\/wp-json\/wp\/v2\/pages\/5\/revisions"}],"predecessor-version":[{"id":216,"href":"https:\/\/www.kleinsatelliteninitiative.de\/index.php\/wp-json\/wp\/v2\/pages\/5\/revisions\/216"}],"wp:attachment":[{"href":"https:\/\/www.kleinsatelliteninitiative.de\/index.php\/wp-json\/wp\/v2\/media?parent=5"}],"curies":[{"name":"wp","href":"https:\/\/api.w.org\/{rel}","templated":true}]}}